{"id":3,"date":"2023-12-04T11:10:13","date_gmt":"2023-12-04T11:10:13","guid":{"rendered":"http:\/\/www.ibizabonus.com\/?page_id=3"},"modified":"2024-04-10T10:19:45","modified_gmt":"2024-04-10T10:19:45","slug":"politica-privacidad","status":"publish","type":"page","link":"https:\/\/ibizabonus.com\/?page_id=3","title":{"rendered":"Pol\u00edtica de privacidad"},"content":{"rendered":"<p>[et_pb_section fb_built=\u00bb1&#8243; fullwidth=\u00bbon\u00bb _builder_version=\u00bb4.23.1&#8243; _module_preset=\u00bbdefault\u00bb sticky_position=\u00bbtop\u00bb box_shadow_style=\u00bbpreset1&#8243; global_colors_info=\u00bb{}\u00bb][et_pb_fullwidth_menu fullwidth_menu=\u00bbon\u00bb active_link_color=\u00bb#ef7928&#8243; dropdown_menu_line_color=\u00bb#ef7928&#8243; logo=\u00bbhttps:\/\/ibizabonus.com\/wp-content\/uploads\/2023\/12\/Logo.jpg\u00bb logo_url=\u00bb@ET-DC@eyJkeW5hbWljIjp0cnVlLCJjb250ZW50IjoiaG9tZV91cmwiLCJzZXR0aW5ncyI6e319@\u00bb logo_width=\u00bb5%\u00bb search_icon_color=\u00bbgcid-c56bb00a-25a6-4e14-adaf-21274b503aff\u00bb _builder_version=\u00bb4.23.1&#8243; _dynamic_attributes=\u00bblogo_url\u00bb _module_preset=\u00bbdefault\u00bb menu_text_color=\u00bb#000000&#8243; menu_font_size=\u00bb18px\u00bb menu_letter_spacing=\u00bb1px\u00bb text_orientation=\u00bbright\u00bb custom_margin=\u00bb|15px||15px|false|false\u00bb global_colors_info=\u00bb{%22gcid-c56bb00a-25a6-4e14-adaf-21274b503aff%22:%91%22search_icon_color%22%93}\u00bb][\/et_pb_fullwidth_menu][\/et_pb_section][et_pb_section fb_built=\u00bb1&#8243; _builder_version=\u00bb4.16&#8243; global_colors_info=\u00bb{}\u00bb][et_pb_row _builder_version=\u00bb4.16&#8243; background_size=\u00bbinitial\u00bb background_position=\u00bbtop_left\u00bb background_repeat=\u00bbrepeat\u00bb global_colors_info=\u00bb{}\u00bb][et_pb_column type=\u00bb4_4&#8243; _builder_version=\u00bb4.16&#8243; custom_padding=\u00bb|||\u00bb global_colors_info=\u00bb{}\u00bb custom_padding__hover=\u00bb|||\u00bb][et_pb_text _builder_version=\u00bb4.23.1&#8243; background_size=\u00bbinitial\u00bb background_position=\u00bbtop_left\u00bb background_repeat=\u00bbrepeat\u00bb global_colors_info=\u00bb{}\u00bb]<\/p>\n<p><!-- divi:heading -->\u00a0<\/p>\n<h2>Qui\u00e9nes somos<\/h2>\n<p>&nbsp;<\/p>\n<p><!-- \/divi:heading --><!-- divi:paragraph -->La direcci\u00f3n de nuestra web es: <a href=\"http:\/\/www.ibizabonus.com\">http:\/\/www.ibizabonus.com<\/a>.\u00a0<\/p>\n<p><!-- \/divi:paragraph --><!-- divi:heading -->\u00a0<\/p>\n<h2>Contenido incrustado de otros sitios web<\/h2>\n<p>&nbsp;<\/p>\n<p>Los art\u00edculos de este sitio pueden incluir contenido incrustado (por ejemplo, v\u00eddeos, im\u00e1genes, art\u00edculos, etc.). El contenido incrustado de otras webs se comporta exactamente de la misma manera que si el visitante hubiera visitado la otra web.<\/p>\n<p>&nbsp;<\/p>\n<p><!-- \/divi:paragraph --><!-- divi:paragraph -->Estas web pueden recopilar datos sobre ti, utilizar cookies, incrustar un seguimiento adicional de terceros, y supervisar tu interacci\u00f3n con ese contenido incrustado, incluido el seguimiento de tu interacci\u00f3n con el contenido incrustado si tienes una cuenta y est\u00e1s conectado a esa web.<\/p>\n<p><!-- \/divi:paragraph --><\/p>\n<p>[\/et_pb_text][\/et_pb_column][\/et_pb_row][\/et_pb_section][et_pb_section fb_built=\u00bb1&#8243; disabled_on=\u00bboff|off|off\u00bb admin_label=\u00bbFooter\u00bb _builder_version=\u00bb4.16&#8243; background_color=\u00bb#29314f\u00bb custom_margin=\u00bb100px||||false|false\u00bb custom_padding=\u00bb0px|||||\u00bb saved_tabs=\u00bball\u00bb global_colors_info=\u00bb{}\u00bb][et_pb_row column_structure=\u00bb1_3,1_3,1_3&#8243; _builder_version=\u00bb4.16&#8243; global_colors_info=\u00bb{}\u00bb][et_pb_column type=\u00bb1_3&#8243; _builder_version=\u00bb4.16&#8243; global_colors_info=\u00bb{}\u00bb][et_pb_blurb title=\u00bbIbizaBonus\u00bb image=\u00bbhttps:\/\/ibizabonus.com\/wp-content\/uploads\/2023\/12\/Logo.jpg\u00bb icon_placement=\u00bbleft\u00bb image_icon_width=\u00bb80px\u00bb content_max_width=\u00bb100%\u00bb image_icon_width_last_edited=\u00bboff|desktop\u00bb _builder_version=\u00bb4.23.1&#8243; header_font=\u00bbRoboto|700|||||||\u00bb header_font_size=\u00bb30px\u00bb header_line_height=\u00bb1.5em\u00bb body_font=\u00bb||||||||\u00bb body_font_size=\u00bb18px\u00bb text_orientation=\u00bbcenter\u00bb background_layout=\u00bbdark\u00bb animation=\u00bboff\u00bb header_font_size_tablet=\u00bb16px\u00bb header_font_size_phone=\u00bb14px\u00bb header_font_size_last_edited=\u00bbon|tablet\u00bb body_font_size_tablet=\u00bb16px\u00bb body_font_size_phone=\u00bb14px\u00bb body_font_size_last_edited=\u00bbon|tablet\u00bb body_line_height_phone=\u00bb1.6em\u00bb body_line_height_last_edited=\u00bboff|phone\u00bb image_max_width=\u00bb80px\u00bb image_max_width_last_edited=\u00bboff|desktop\u00bb locked=\u00bboff\u00bb global_colors_info=\u00bb{}\u00bb body_text_color__hover_enabled=\u00bboff\u00bb]Tu identidad<br \/>d\u00f3nde quieras.[\/et_pb_blurb][\/et_pb_column][et_pb_column type=\u00bb1_3&#8243; _builder_version=\u00bb4.16&#8243; global_colors_info=\u00bb{}\u00bb][et_pb_text _builder_version=\u00bb4.24.0&#8243; text_font=\u00bb||||||||\u00bb text_text_color=\u00bbrgba(255,255,255,0.5)\u00bb link_text_color=\u00bbrgba(255,255,255,0.5)\u00bb link_font_size=\u00bb16px\u00bb link_line_height=\u00bb2.4em\u00bb header_font=\u00bbRoboto|700|||||||\u00bb header_line_height=\u00bb1.5em\u00bb header_4_font=\u00bbRoboto|700||on|||||\u00bb header_4_text_color=\u00bb#ffffff\u00bb header_4_font_size=\u00bb14px\u00bb header_4_letter_spacing=\u00bb2px\u00bb header_4_line_height=\u00bb1.5em\u00bb background_layout=\u00bbdark\u00bb max_width=\u00bb800px\u00bb custom_margin=\u00bb||30px||false|false\u00bb hover_enabled=\u00bb0&#8243; text_font_size_phone=\u00bb14px\u00bb text_font_size_last_edited=\u00bboff|desktop\u00bb text_line_height_phone=\u00bb1.7em\u00bb text_line_height_last_edited=\u00bboff|phone\u00bb link_text_color_last_edited=\u00bboff|desktop\u00bb link_font_size_tablet=\u00bb\u00bb link_font_size_phone=\u00bb14px\u00bb link_font_size_last_edited=\u00bbon|desktop\u00bb link_line_height_tablet=\u00bb\u00bb link_line_height_phone=\u00bb2.6em\u00bb link_line_height_last_edited=\u00bbon|phone\u00bb header_font_size_tablet=\u00bb16px\u00bb header_font_size_phone=\u00bb14px\u00bb header_font_size_last_edited=\u00bbon|tablet\u00bb header_4_font_size_tablet=\u00bb16px\u00bb header_4_font_size_phone=\u00bb14px\u00bb header_4_font_size_last_edited=\u00bboff|tablet\u00bb locked=\u00bboff\u00bb global_colors_info=\u00bb{}\u00bb link_text_color__hover_enabled=\u00bboff\u00bb sticky_enabled=\u00bb0&#8243;]<\/p>\n<h4>QUIENES SOMOS<\/h4>\n<p>Somos una peque\u00f1a empresa local y basamos nuestro trabajo en la colaboraci\u00f3n a largo plazo y no en una sola transacci\u00f3n de ventas.<\/p>\n<p>[\/et_pb_text][\/et_pb_column][et_pb_column type=\u00bb1_3&#8243; _builder_version=\u00bb4.16&#8243; global_colors_info=\u00bb{}\u00bb][et_pb_menu menu_id=\u00bb9&#8243; menu_style=\u00bbcentered\u00bb submenu_direction=\u00bbdownwards\u00bb active_link_color=\u00bbgcid-c56bb00a-25a6-4e14-adaf-21274b503aff\u00bb dropdown_menu_bg_color=\u00bbRGBA(255,255,255,0)\u00bb _builder_version=\u00bb4.23.1&#8243; _module_preset=\u00bbdefault\u00bb menu_text_color=\u00bb#FFFFFF\u00bb menu_letter_spacing=\u00bb3px\u00bb menu_line_height=\u00bb1.2em\u00bb background_color=\u00bbRGBA(255,255,255,0)\u00bb transform_translate=\u00bb0px|30px\u00bb transform_translate_linked=\u00bboff\u00bb global_colors_info=\u00bb{%22gcid-c56bb00a-25a6-4e14-adaf-21274b503aff%22:%91%22active_link_color%22%93}\u00bb][\/et_pb_menu][\/et_pb_column][\/et_pb_row][\/et_pb_section]<\/p>\n","protected":false},"excerpt":{"rendered":"<p>\u00a0 Qui\u00e9nes somos &nbsp; La direcci\u00f3n de nuestra web es: http:\/\/www.ibizabonus.com.\u00a0 \u00a0 Contenido incrustado de otros sitios web &nbsp; Los art\u00edculos de este sitio pueden incluir contenido incrustado (por ejemplo, v\u00eddeos, im\u00e1genes, art\u00edculos, etc.). El contenido incrustado de otras webs se comporta exactamente de la misma manera que si el visitante hubiera visitado la otra [&hellip;]<\/p>\n","protected":false},"author":1,"featured_media":0,"parent":0,"menu_order":0,"comment_status":"closed","ping_status":"open","template":"page-template-blank.php","meta":{"_et_pb_use_builder":"on","_et_pb_old_content":"<!-- wp:heading --><h2>Qui\u00e9nes somos<\/h2><!-- \/wp:heading --><!-- wp:paragraph --><p><strong class=\"privacy-policy-tutorial\">Texto sugerido: <\/strong>La direcci\u00f3n de nuestra web es: http:\/\/www.ibizabonus.com.<\/p><!-- \/wp:paragraph --><!-- wp:heading --><h2>Comentarios<\/h2><!-- \/wp:heading --><!-- wp:paragraph --><p><strong class=\"privacy-policy-tutorial\">Texto sugerido: <\/strong>Cuando los visitantes dejan comentarios en la web, recopilamos los datos que se muestran en el formulario de comentarios, as\u00ed como la direcci\u00f3n IP del visitante y la cadena de agentes de usuario del navegador para ayudar a la detecci\u00f3n de spam.<\/p><!-- \/wp:paragraph --><!-- wp:paragraph --><p>Una cadena an\u00f3nima creada a partir de tu direcci\u00f3n de correo electr\u00f3nico (tambi\u00e9n llamada hash) puede ser proporcionada al servicio de Gravatar para ver si la est\u00e1s usando. La pol\u00edtica de privacidad del servicio Gravatar est\u00e1 disponible aqu\u00ed: https:\/\/automattic.com\/privacy\/. Despu\u00e9s de la aprobaci\u00f3n de tu comentario, la imagen de tu perfil es visible para el p\u00fablico en el contexto de tu comentario.<\/p><!-- \/wp:paragraph --><!-- wp:heading --><h2>Medios<\/h2><!-- \/wp:heading --><!-- wp:paragraph --><p><strong class=\"privacy-policy-tutorial\">Texto sugerido: <\/strong>Si subes im\u00e1genes a la web, deber\u00edas evitar subir im\u00e1genes con datos de ubicaci\u00f3n (GPS EXIF) incluidos. Los visitantes de la web pueden descargar y extraer cualquier dato de ubicaci\u00f3n de las im\u00e1genes de la web.<\/p><!-- \/wp:paragraph --><!-- wp:heading --><h2>Cookies<\/h2><!-- \/wp:heading --><!-- wp:paragraph --><p><strong class=\"privacy-policy-tutorial\">Texto sugerido: <\/strong>Si dejas un comentario en nuestro sitio puedes elegir guardar tu nombre, direcci\u00f3n de correo electr\u00f3nico y web en cookies. Esto es para tu comodidad, para que no tengas que volver a rellenar tus datos cuando dejes otro comentario. Estas cookies tendr\u00e1n una duraci\u00f3n de un a\u00f1o.<\/p><!-- \/wp:paragraph --><!-- wp:paragraph --><p>Si tienes una cuenta y te conectas a este sitio, instalaremos una cookie temporal para determinar si tu navegador acepta cookies. Esta cookie no contiene datos personales y se elimina al cerrar el navegador.<\/p><!-- \/wp:paragraph --><!-- wp:paragraph --><p>Cuando accedas, tambi\u00e9n instalaremos varias cookies para guardar tu informaci\u00f3n de acceso y tus opciones de visualizaci\u00f3n de pantalla. Las cookies de acceso duran dos d\u00edas, y las cookies de opciones de pantalla duran un a\u00f1o. Si seleccionas \u00abRecu\u00e9rdarme\u00bb, tu acceso perdurar\u00e1 durante dos semanas. Si sales de tu cuenta, las cookies de acceso se eliminar\u00e1n.<\/p><!-- \/wp:paragraph --><!-- wp:paragraph --><p>Si editas o publicas un art\u00edculo se guardar\u00e1 una cookie adicional en tu navegador. Esta cookie no incluye datos personales y simplemente indica el ID del art\u00edculo que acabas de editar. Caduca despu\u00e9s de 1 d\u00eda.<\/p><!-- \/wp:paragraph --><!-- wp:heading --><h2>Contenido incrustado de otros sitios web<\/h2><!-- \/wp:heading --><!-- wp:paragraph --><p><strong class=\"privacy-policy-tutorial\">Texto sugerido: <\/strong>Los art\u00edculos de este sitio pueden incluir contenido incrustado (por ejemplo, v\u00eddeos, im\u00e1genes, art\u00edculos, etc.). El contenido incrustado de otras webs se comporta exactamente de la misma manera que si el visitante hubiera visitado la otra web.<\/p><!-- \/wp:paragraph --><!-- wp:paragraph --><p>Estas web pueden recopilar datos sobre ti, utilizar cookies, incrustar un seguimiento adicional de terceros, y supervisar tu interacci\u00f3n con ese contenido incrustado, incluido el seguimiento de tu interacci\u00f3n con el contenido incrustado si tienes una cuenta y est\u00e1s conectado a esa web.<\/p><!-- \/wp:paragraph --><!-- wp:heading --><h2>Con qui\u00e9n compartimos tus datos<\/h2><!-- \/wp:heading --><!-- wp:paragraph --><p><strong class=\"privacy-policy-tutorial\">Texto sugerido: <\/strong>Si solicitas un restablecimiento de contrase\u00f1a, tu direcci\u00f3n IP ser\u00e1 incluida en el correo electr\u00f3nico de restablecimiento.<\/p><!-- \/wp:paragraph --><!-- wp:heading --><h2>Cu\u00e1nto tiempo conservamos tus datos<\/h2><!-- \/wp:heading --><!-- wp:paragraph --><p><strong class=\"privacy-policy-tutorial\">Texto sugerido: <\/strong>Si dejas un comentario, el comentario y sus metadatos se conservan indefinidamente. Esto es para que podamos reconocer y aprobar comentarios sucesivos autom\u00e1ticamente, en lugar de mantenerlos en una cola de moderaci\u00f3n.<\/p><!-- \/wp:paragraph --><!-- wp:paragraph --><p>De los usuarios que se registran en nuestra web (si los hay), tambi\u00e9n almacenamos la informaci\u00f3n personal que proporcionan en su perfil de usuario. Todos los usuarios pueden ver, editar o eliminar su informaci\u00f3n personal en cualquier momento (excepto que no pueden cambiar su nombre de usuario). Los administradores de la web tambi\u00e9n pueden ver y editar esa informaci\u00f3n.<\/p><!-- \/wp:paragraph --><!-- wp:heading --><h2>Qu\u00e9 derechos tienes sobre tus datos<\/h2><!-- \/wp:heading --><!-- wp:paragraph --><p><strong class=\"privacy-policy-tutorial\">Texto sugerido: <\/strong>Si tienes una cuenta o has dejado comentarios en esta web, puedes solicitar recibir un archivo de exportaci\u00f3n de los datos personales que tenemos sobre ti, incluyendo cualquier dato que nos hayas proporcionado. Tambi\u00e9n puedes solicitar que eliminemos cualquier dato personal que tengamos sobre ti. Esto no incluye ning\u00fan dato que estemos obligados a conservar con fines administrativos, legales o de seguridad.<\/p><!-- \/wp:paragraph --><!-- wp:heading --><h2>D\u00f3nde se env\u00edan tus datos<\/h2><!-- \/wp:heading --><!-- wp:paragraph --><p><strong class=\"privacy-policy-tutorial\">Texto sugerido: <\/strong>Los comentarios de los visitantes puede que los revise un servicio de detecci\u00f3n autom\u00e1tica de spam.<\/p><!-- \/wp:paragraph -->","_et_gb_content_width":"","footnotes":""},"class_list":["post-3","page","type-page","status-publish","hentry"],"yoast_head":"<!-- This site is optimized with the Yoast SEO plugin v21.9.1 - https:\/\/yoast.com\/wordpress\/plugins\/seo\/ -->\n<title>Pol\u00edtica de privacidad - IbizaBonus<\/title>\n<meta name=\"robots\" content=\"index, follow, max-snippet:-1, max-image-preview:large, max-video-preview:-1\" \/>\n<link rel=\"canonical\" href=\"https:\/\/ibizabonus.com\/?page_id=3\" \/>\n<meta property=\"og:locale\" content=\"es_ES\" \/>\n<meta property=\"og:type\" content=\"article\" \/>\n<meta property=\"og:title\" content=\"Pol\u00edtica de privacidad - IbizaBonus\" \/>\n<meta property=\"og:description\" content=\"\u00a0 Qui\u00e9nes somos &nbsp; La direcci\u00f3n de nuestra web es: http:\/\/www.ibizabonus.com.\u00a0 \u00a0 Contenido incrustado de otros sitios web &nbsp; Los art\u00edculos de este sitio pueden incluir contenido incrustado (por ejemplo, v\u00eddeos, im\u00e1genes, art\u00edculos, etc.). El contenido incrustado de otras webs se comporta exactamente de la misma manera que si el visitante hubiera visitado la otra [&hellip;]\" \/>\n<meta property=\"og:url\" content=\"https:\/\/ibizabonus.com\/?page_id=3\" \/>\n<meta property=\"og:site_name\" content=\"IbizaBonus\" \/>\n<meta property=\"article:modified_time\" content=\"2024-04-10T10:19:45+00:00\" \/>\n<meta name=\"twitter:card\" content=\"summary_large_image\" \/>\n<meta name=\"twitter:label1\" content=\"Tiempo de lectura\" \/>\n\t<meta name=\"twitter:data1\" content=\"3 minutos\" \/>\n<script type=\"application\/ld+json\" class=\"yoast-schema-graph\">{\"@context\":\"https:\/\/schema.org\",\"@graph\":[{\"@type\":\"WebPage\",\"@id\":\"https:\/\/ibizabonus.com\/?page_id=3\",\"url\":\"https:\/\/ibizabonus.com\/?page_id=3\",\"name\":\"Pol\u00edtica de privacidad - IbizaBonus\",\"isPartOf\":{\"@id\":\"https:\/\/ibizabonus.com\/#website\"},\"datePublished\":\"2023-12-04T11:10:13+00:00\",\"dateModified\":\"2024-04-10T10:19:45+00:00\",\"breadcrumb\":{\"@id\":\"https:\/\/ibizabonus.com\/?page_id=3#breadcrumb\"},\"inLanguage\":\"es\",\"potentialAction\":[{\"@type\":\"ReadAction\",\"target\":[\"https:\/\/ibizabonus.com\/?page_id=3\"]}]},{\"@type\":\"BreadcrumbList\",\"@id\":\"https:\/\/ibizabonus.com\/?page_id=3#breadcrumb\",\"itemListElement\":[{\"@type\":\"ListItem\",\"position\":1,\"name\":\"Portada\",\"item\":\"https:\/\/ibizabonus.com\/\"},{\"@type\":\"ListItem\",\"position\":2,\"name\":\"Pol\u00edtica de privacidad\"}]},{\"@type\":\"WebSite\",\"@id\":\"https:\/\/ibizabonus.com\/#website\",\"url\":\"https:\/\/ibizabonus.com\/\",\"name\":\"IbizaBonus\",\"description\":\"Tu sitio web de merchandising y ropa personalizada de Ibiza\",\"potentialAction\":[{\"@type\":\"SearchAction\",\"target\":{\"@type\":\"EntryPoint\",\"urlTemplate\":\"https:\/\/ibizabonus.com\/?s={search_term_string}\"},\"query-input\":\"required name=search_term_string\"}],\"inLanguage\":\"es\"}]}<\/script>\n<!-- \/ Yoast SEO plugin. -->","yoast_head_json":{"title":"Pol\u00edtica de privacidad - IbizaBonus","robots":{"index":"index","follow":"follow","max-snippet":"max-snippet:-1","max-image-preview":"max-image-preview:large","max-video-preview":"max-video-preview:-1"},"canonical":"https:\/\/ibizabonus.com\/?page_id=3","og_locale":"es_ES","og_type":"article","og_title":"Pol\u00edtica de privacidad - IbizaBonus","og_description":"\u00a0 Qui\u00e9nes somos &nbsp; La direcci\u00f3n de nuestra web es: http:\/\/www.ibizabonus.com.\u00a0 \u00a0 Contenido incrustado de otros sitios web &nbsp; Los art\u00edculos de este sitio pueden incluir contenido incrustado (por ejemplo, v\u00eddeos, im\u00e1genes, art\u00edculos, etc.). El contenido incrustado de otras webs se comporta exactamente de la misma manera que si el visitante hubiera visitado la otra [&hellip;]","og_url":"https:\/\/ibizabonus.com\/?page_id=3","og_site_name":"IbizaBonus","article_modified_time":"2024-04-10T10:19:45+00:00","twitter_card":"summary_large_image","twitter_misc":{"Tiempo de lectura":"3 minutos"},"schema":{"@context":"https:\/\/schema.org","@graph":[{"@type":"WebPage","@id":"https:\/\/ibizabonus.com\/?page_id=3","url":"https:\/\/ibizabonus.com\/?page_id=3","name":"Pol\u00edtica de privacidad - IbizaBonus","isPartOf":{"@id":"https:\/\/ibizabonus.com\/#website"},"datePublished":"2023-12-04T11:10:13+00:00","dateModified":"2024-04-10T10:19:45+00:00","breadcrumb":{"@id":"https:\/\/ibizabonus.com\/?page_id=3#breadcrumb"},"inLanguage":"es","potentialAction":[{"@type":"ReadAction","target":["https:\/\/ibizabonus.com\/?page_id=3"]}]},{"@type":"BreadcrumbList","@id":"https:\/\/ibizabonus.com\/?page_id=3#breadcrumb","itemListElement":[{"@type":"ListItem","position":1,"name":"Portada","item":"https:\/\/ibizabonus.com\/"},{"@type":"ListItem","position":2,"name":"Pol\u00edtica de privacidad"}]},{"@type":"WebSite","@id":"https:\/\/ibizabonus.com\/#website","url":"https:\/\/ibizabonus.com\/","name":"IbizaBonus","description":"Tu sitio web de merchandising y ropa personalizada de Ibiza","potentialAction":[{"@type":"SearchAction","target":{"@type":"EntryPoint","urlTemplate":"https:\/\/ibizabonus.com\/?s={search_term_string}"},"query-input":"required name=search_term_string"}],"inLanguage":"es"}]}},"_links":{"self":[{"href":"https:\/\/ibizabonus.com\/index.php?rest_route=\/wp\/v2\/pages\/3","targetHints":{"allow":["GET"]}}],"collection":[{"href":"https:\/\/ibizabonus.com\/index.php?rest_route=\/wp\/v2\/pages"}],"about":[{"href":"https:\/\/ibizabonus.com\/index.php?rest_route=\/wp\/v2\/types\/page"}],"author":[{"embeddable":true,"href":"https:\/\/ibizabonus.com\/index.php?rest_route=\/wp\/v2\/users\/1"}],"replies":[{"embeddable":true,"href":"https:\/\/ibizabonus.com\/index.php?rest_route=%2Fwp%2Fv2%2Fcomments&post=3"}],"version-history":[{"count":4,"href":"https:\/\/ibizabonus.com\/index.php?rest_route=\/wp\/v2\/pages\/3\/revisions"}],"predecessor-version":[{"id":555,"href":"https:\/\/ibizabonus.com\/index.php?rest_route=\/wp\/v2\/pages\/3\/revisions\/555"}],"wp:attachment":[{"href":"https:\/\/ibizabonus.com\/index.php?rest_route=%2Fwp%2Fv2%2Fmedia&parent=3"}],"curies":[{"name":"wp","href":"https:\/\/api.w.org\/{rel}","templated":true}]}}